{"id":3032,"date":"2025-12-16T11:41:09","date_gmt":"2025-12-16T08:41:09","guid":{"rendered":"https:\/\/escortsensors.com\/?post_type=product&#038;p=3032"},"modified":"2026-03-18T15:31:34","modified_gmt":"2026-03-18T12:31:34","slug":"escort-td600-wired-fuel-level-sensor","status":"publish","type":"product","link":"https:\/\/escortsensors.com\/es\/product\/escort-td600-wired-fuel-level-sensor\/","title":{"rendered":"Escort TD-600"},"template":"","device-type":[61],"product-industria":[86],"product-tag":[60,111],"class_list":["post-3032","product","type-product","status-publish","hentry","device-type-the-fuel-level-sensor","product-tag-compact-size","product-tag-easy-installation"],"acf":[],"yoast_head":"<!-- This site is optimized with the Yoast SEO plugin v27.5 - https:\/\/yoast.com\/product\/yoast-seo-wordpress\/ -->\n<title>High-Precision Wired Fuel Level Sensor with Accelerometer<\/title>\n<meta name=\"description\" content=\"Wired capacitive fuel level sensor Escort TD-600 with built-in accelerometer for accurate fuel monitoring, theft\/drain detection, RS-485\/RS-232\/analog\/frequency outputs.\" \/>\n<meta name=\"robots\" content=\"index, follow, max-snippet:-1, max-image-preview:large, max-video-preview:-1\" \/>\n<link rel=\"canonical\" href=\"https:\/\/escortsensors.com\/es\/product\/escort-td600-wired-fuel-level-sensor\/\" \/>\n<meta property=\"og:locale\" content=\"es_ES\" \/>\n<meta property=\"og:type\" content=\"article\" \/>\n<meta property=\"og:title\" content=\"High-Precision Wired Fuel Level Sensor with Accelerometer\" \/>\n<meta property=\"og:description\" content=\"Wired capacitive fuel level sensor Escort TD-600 with built-in accelerometer for accurate fuel monitoring, theft\/drain detection, RS-485\/RS-232\/analog\/frequency outputs.\" \/>\n<meta property=\"og:url\" content=\"https:\/\/escortsensors.com\/es\/product\/escort-td600-wired-fuel-level-sensor\/\" \/>\n<meta property=\"og:site_name\" content=\"Escort Monitoring Systems\" \/>\n<meta property=\"article:modified_time\" content=\"2026-03-18T12:31:34+00:00\" \/>\n<meta name=\"twitter:card\" content=\"summary_large_image\" \/>\n<meta name=\"twitter:label1\" content=\"Tiempo de lectura\" \/>\n\t<meta name=\"twitter:data1\" content=\"3 minutos\" \/>\n<script type=\"application\/ld+json\" class=\"yoast-schema-graph\">{\"@context\":\"https:\\\/\\\/schema.org\",\"@graph\":[{\"@type\":[\"WebPage\",\"ItemPage\"],\"@id\":\"https:\\\/\\\/escortsensors.com\\\/product\\\/escort-td600-wired-fuel-level-sensor\\\/\",\"url\":\"https:\\\/\\\/escortsensors.com\\\/product\\\/escort-td600-wired-fuel-level-sensor\\\/\",\"name\":\"High-Precision Wired Fuel Level Sensor with Accelerometer\",\"isPartOf\":{\"@id\":\"https:\\\/\\\/escortsensors.com\\\/#website\"},\"datePublished\":\"2025-12-16T08:41:09+00:00\",\"dateModified\":\"2026-03-18T12:31:34+00:00\",\"description\":\"Wired capacitive fuel level sensor Escort TD-600 with built-in accelerometer for accurate fuel monitoring, theft\\\/drain detection, RS-485\\\/RS-232\\\/analog\\\/frequency outputs.\",\"breadcrumb\":{\"@id\":\"https:\\\/\\\/escortsensors.com\\\/product\\\/escort-td600-wired-fuel-level-sensor\\\/#breadcrumb\"},\"inLanguage\":\"es\",\"potentialAction\":[{\"@type\":\"ReadAction\",\"target\":[\"https:\\\/\\\/escortsensors.com\\\/product\\\/escort-td600-wired-fuel-level-sensor\\\/\"]}]},{\"@type\":\"BreadcrumbList\",\"@id\":\"https:\\\/\\\/escortsensors.com\\\/product\\\/escort-td600-wired-fuel-level-sensor\\\/#breadcrumb\",\"itemListElement\":[{\"@type\":\"ListItem\",\"position\":1,\"name\":\"\u0413\u043b\u0430\u0432\u043d\u0430\u044f \u0441\u0442\u0440\u0430\u043d\u0438\u0446\u0430\",\"item\":\"https:\\\/\\\/escortsensors.com\\\/\"},{\"@type\":\"ListItem\",\"position\":2,\"name\":\"Product\",\"item\":\"https:\\\/\\\/escortsensors.com\\\/product\\\/\"},{\"@type\":\"ListItem\",\"position\":3,\"name\":\"Escort TD-600\"}]},{\"@type\":\"WebSite\",\"@id\":\"https:\\\/\\\/escortsensors.com\\\/#website\",\"url\":\"https:\\\/\\\/escortsensors.com\\\/\",\"name\":\"Escort Monitoring Systems\",\"description\":\"\",\"publisher\":{\"@id\":\"https:\\\/\\\/escortsensors.com\\\/#organization\"},\"potentialAction\":[{\"@type\":\"SearchAction\",\"target\":{\"@type\":\"EntryPoint\",\"urlTemplate\":\"https:\\\/\\\/escortsensors.com\\\/?s={search_term_string}\"},\"query-input\":{\"@type\":\"PropertyValueSpecification\",\"valueRequired\":true,\"valueName\":\"search_term_string\"}}],\"inLanguage\":\"es\"},{\"@type\":\"Organization\",\"@id\":\"https:\\\/\\\/escortsensors.com\\\/#organization\",\"name\":\"Escort Monitoring Systems\",\"url\":\"https:\\\/\\\/escortsensors.com\\\/\",\"logo\":{\"@type\":\"ImageObject\",\"inLanguage\":\"es\",\"@id\":\"https:\\\/\\\/escortsensors.com\\\/#\\\/schema\\\/logo\\\/image\\\/\",\"url\":\"https:\\\/\\\/escortsensors.com\\\/wp-content\\\/uploads\\\/2025\\\/08\\\/logo.webp\",\"contentUrl\":\"https:\\\/\\\/escortsensors.com\\\/wp-content\\\/uploads\\\/2025\\\/08\\\/logo.webp\",\"width\":128,\"height\":40,\"caption\":\"Escort Monitoring Systems\"},\"image\":{\"@id\":\"https:\\\/\\\/escortsensors.com\\\/#\\\/schema\\\/logo\\\/image\\\/\"}}]}<\/script>\n<!-- \/ Yoast SEO plugin. -->","yoast_head_json":{"title":"Sensor de nivel de combustible por cable de alta precisi\u00f3n con aceler\u00f3metro","description":"Sensor de nivel de combustible capacitivo con cable Escort TD-600 con aceler\u00f3metro incorporado para un control preciso del combustible, detecci\u00f3n de robo\/drenaje, salidas RS-485\/RS-232\/anal\u00f3gica\/frecuencia.","robots":{"index":"index","follow":"follow","max-snippet":"max-snippet:-1","max-image-preview":"max-image-preview:large","max-video-preview":"max-video-preview:-1"},"canonical":"https:\/\/escortsensors.com\/es\/product\/escort-td600-wired-fuel-level-sensor\/","og_locale":"es_ES","og_type":"article","og_title":"High-Precision Wired Fuel Level Sensor with Accelerometer","og_description":"Wired capacitive fuel level sensor Escort TD-600 with built-in accelerometer for accurate fuel monitoring, theft\/drain detection, RS-485\/RS-232\/analog\/frequency outputs.","og_url":"https:\/\/escortsensors.com\/es\/product\/escort-td600-wired-fuel-level-sensor\/","og_site_name":"Escort Monitoring Systems","article_modified_time":"2026-03-18T12:31:34+00:00","twitter_card":"summary_large_image","twitter_misc":{"Tiempo de lectura":"3 minutos"},"schema":{"@context":"https:\/\/schema.org","@graph":[{"@type":["WebPage","ItemPage"],"@id":"https:\/\/escortsensors.com\/product\/escort-td600-wired-fuel-level-sensor\/","url":"https:\/\/escortsensors.com\/product\/escort-td600-wired-fuel-level-sensor\/","name":"Sensor de nivel de combustible por cable de alta precisi\u00f3n con aceler\u00f3metro","isPartOf":{"@id":"https:\/\/escortsensors.com\/#website"},"datePublished":"2025-12-16T08:41:09+00:00","dateModified":"2026-03-18T12:31:34+00:00","description":"Sensor de nivel de combustible capacitivo con cable Escort TD-600 con aceler\u00f3metro incorporado para un control preciso del combustible, detecci\u00f3n de robo\/drenaje, salidas RS-485\/RS-232\/anal\u00f3gica\/frecuencia.","breadcrumb":{"@id":"https:\/\/escortsensors.com\/product\/escort-td600-wired-fuel-level-sensor\/#breadcrumb"},"inLanguage":"es","potentialAction":[{"@type":"ReadAction","target":["https:\/\/escortsensors.com\/product\/escort-td600-wired-fuel-level-sensor\/"]}]},{"@type":"BreadcrumbList","@id":"https:\/\/escortsensors.com\/product\/escort-td600-wired-fuel-level-sensor\/#breadcrumb","itemListElement":[{"@type":"ListItem","position":1,"name":"\u0413\u043b\u0430\u0432\u043d\u0430\u044f \u0441\u0442\u0440\u0430\u043d\u0438\u0446\u0430","item":"https:\/\/escortsensors.com\/"},{"@type":"ListItem","position":2,"name":"Product","item":"https:\/\/escortsensors.com\/product\/"},{"@type":"ListItem","position":3,"name":"Escort TD-600"}]},{"@type":"WebSite","@id":"https:\/\/escortsensors.com\/#website","url":"https:\/\/escortsensors.com\/","name":"Escort Monitoring Systems","description":"","publisher":{"@id":"https:\/\/escortsensors.com\/#organization"},"potentialAction":[{"@type":"SearchAction","target":{"@type":"EntryPoint","urlTemplate":"https:\/\/escortsensors.com\/?s={search_term_string}"},"query-input":{"@type":"PropertyValueSpecification","valueRequired":true,"valueName":"search_term_string"}}],"inLanguage":"es"},{"@type":"Organization","@id":"https:\/\/escortsensors.com\/#organization","name":"Escort Monitoring Systems","url":"https:\/\/escortsensors.com\/","logo":{"@type":"ImageObject","inLanguage":"es","@id":"https:\/\/escortsensors.com\/#\/schema\/logo\/image\/","url":"https:\/\/escortsensors.com\/wp-content\/uploads\/2025\/08\/logo.webp","contentUrl":"https:\/\/escortsensors.com\/wp-content\/uploads\/2025\/08\/logo.webp","width":128,"height":40,"caption":"Escort Monitoring Systems"},"image":{"@id":"https:\/\/escortsensors.com\/#\/schema\/logo\/image\/"}}]}},"_links":{"self":[{"href":"https:\/\/escortsensors.com\/es\/wp-json\/wp\/v2\/product\/3032","targetHints":{"allow":["GET"]}}],"collection":[{"href":"https:\/\/escortsensors.com\/es\/wp-json\/wp\/v2\/product"}],"about":[{"href":"https:\/\/escortsensors.com\/es\/wp-json\/wp\/v2\/types\/product"}],"wp:attachment":[{"href":"https:\/\/escortsensors.com\/es\/wp-json\/wp\/v2\/media?parent=3032"}],"wp:term":[{"taxonomy":"device-type","embeddable":true,"href":"https:\/\/escortsensors.com\/es\/wp-json\/wp\/v2\/device-type?post=3032"},{"taxonomy":"product-industria","embeddable":true,"href":"https:\/\/escortsensors.com\/es\/wp-json\/wp\/v2\/product-industria?post=3032"},{"taxonomy":"product-tag","embeddable":true,"href":"https:\/\/escortsensors.com\/es\/wp-json\/wp\/v2\/product-tag?post=3032"}],"curies":[{"name":"wp","href":"https:\/\/api.w.org\/{rel}","templated":true}]}}